{"id":187,"date":"2023-12-26T21:54:23","date_gmt":"2023-12-26T21:54:23","guid":{"rendered":"https:\/\/psychologie.intensite.ca\/?page_id=187"},"modified":"2023-12-26T21:58:47","modified_gmt":"2023-12-26T21:58:47","slug":"exercice-sur-la-maladie-mentale","status":"publish","type":"page","link":"https:\/\/psychologie.intensite.ca\/?page_id=187","title":{"rendered":"Exercice sur la maladie mentale"},"content":{"rendered":"\n<p>Exercice sur la maladie mentale sous forme de discussion en grand groupe.<\/p>\n\n\n\n<p>a) Comment est per\u00e7ue la maladie mentale dans la soci\u00e9t\u00e9?<\/p>\n\n\n\n<p>b) Avez-vous des pr\u00e9jug\u00e9s envers la maladie mentale? Lesquels?<\/p>\n\n\n\n<p>c) Une personne ayant re\u00e7u un diagnostic de trouble psychologique est-elle bizarre? Dangereuse? Anormale?<\/p>\n\n\n\n<p>d) Avez-vous des exemples de personnalit\u00e9s connues qui ont eu un trouble psychologique? Quel impact cela a-t-il eu sur votre perception de cet individu?<\/p>\n\n\n\n<p>e) Pourquoi n\u2019y a-t-il pas davantage de personnalit\u00e9s publiques qui parlent de leurs troubles psychologiques?<\/p>\n\n\n\n<p>f) Y a-t-il des personnages ayant des troubles psychologiques dans les films ou \u00e9missions de t\u00e9l\u00e9vision que vous regardez? Lesquels? Comment ces personnages sont-ils per\u00e7us dans ces films ou ces \u00e9missions?<\/p>\n\n\n\n<p>g) Quels sont les impacts de ces pr\u00e9jug\u00e9s pour les personnes ayant un trouble psychologique?<\/p>\n\n\n\n<p>h) Comment peut-on diminuer les pr\u00e9jug\u00e9s ou favoriser l\u2019int\u00e9gration sociale des individus ayant re\u00e7u un diagnostic de trouble psychologique?<\/p>\n","protected":false},"excerpt":{"rendered":"<p>Exercice sur la maladie mentale sous forme de discussion en grand groupe. a) Comment est per\u00e7ue la maladie mentale dans la soci\u00e9t\u00e9? b) Avez-vous des pr\u00e9jug\u00e9s envers la maladie mentale? Lesquels? c) Une personne ayant re\u00e7u un diagnostic de trouble psychologique est-elle bizarre? Dangereuse? Anormale? d) Avez-vous des exemples de personnalit\u00e9s connues qui ont eu&#8230;<\/p>\n","protected":false},"author":1,"featured_media":0,"parent":0,"menu_order":0,"comment_status":"closed","ping_status":"closed","template":"","meta":[],"_links":{"self":[{"href":"https:\/\/psychologie.intensite.ca\/index.php?rest_route=\/wp\/v2\/pages\/187"}],"collection":[{"href":"https:\/\/psychologie.intensite.ca\/index.php?rest_route=\/wp\/v2\/pages"}],"about":[{"href":"https:\/\/psychologie.intensite.ca\/index.php?rest_route=\/wp\/v2\/types\/page"}],"author":[{"embeddable":true,"href":"https:\/\/psychologie.intensite.ca\/index.php?rest_route=\/wp\/v2\/users\/1"}],"replies":[{"embeddable":true,"href":"https:\/\/psychologie.intensite.ca\/index.php?rest_route=%2Fwp%2Fv2%2Fcomments&post=187"}],"version-history":[{"count":2,"href":"https:\/\/psychologie.intensite.ca\/index.php?rest_route=\/wp\/v2\/pages\/187\/revisions"}],"predecessor-version":[{"id":190,"href":"https:\/\/psychologie.intensite.ca\/index.php?rest_route=\/wp\/v2\/pages\/187\/revisions\/190"}],"wp:attachment":[{"href":"https:\/\/psychologie.intensite.ca\/index.php?rest_route=%2Fwp%2Fv2%2Fmedia&parent=187"}],"curies":[{"name":"wp","href":"https:\/\/api.w.org\/{rel}","templated":true}]}}