{"id":184,"date":"2023-12-26T21:52:17","date_gmt":"2023-12-26T21:52:17","guid":{"rendered":"https:\/\/psychologie.intensite.ca\/?page_id=184"},"modified":"2023-12-26T21:52:17","modified_gmt":"2023-12-26T21:52:17","slug":"les-troubles-alimentaires","status":"publish","type":"page","link":"https:\/\/psychologie.intensite.ca\/?page_id=184","title":{"rendered":"Les troubles alimentaires"},"content":{"rendered":"\n<p>\u00c9tude de cas 1<\/p>\n\n\n\n<p>Davina adore ses amies, mais n\u2019aime pas aller au restaurant avec elles. Elle pr\u00e9f\u00e8re manger seule \u00e9tant g\u00ean\u00e9e et craignant le jugement de ses amies lorsqu\u2019elles verront la quantit\u00e9 de nourriture qu\u2019elle mange. En effet, depuis environ 1 an Davina prend de tr\u00e8s grandes portions, et ce, de fa\u00e7on rapidement. Elle est une tr\u00e8s grande fan de Doordash et d\u2019Ubereats puisque le livreur ne peut savoir que l\u2019ensemble de la nourriture livr\u00e9e est en fait que pour elle. Il lui arrive environ une fois par semaine de commander plusieurs pizzas et des Mr Puffs et de finir de les manger avant m\u00eame que son \u00e9pisode hebdomadaire d\u2019occupation double termine. Davina ressent un manque de contr\u00f4le et se sent tr\u00e8s coupable d\u2019avoir autant mang\u00e9, bien qu\u2019elle n\u2019e\u00fbt pas tr\u00e8s faim initialement.<\/p>\n\n\n\n<p>De quel trouble souffre Davina? <\/p>\n\n\n\n<p><\/p>\n\n\n\n<p>\u00c9tude de cas 2<\/p>\n\n\n\n<p>Depuis quelques ann\u00e9es, Lewis s\u2019est d\u00e9couvert une passion pour les matelas. Toutefois, son int\u00e9r\u00eat n\u2019est pas pour leurs conforts, mais bien pour leurs go\u00fbts. Il appr\u00e9cie la texture des divers matelas sur sa langue. Lorsque son ami l\u2019a questionn\u00e9 sur le trou dans son matelas, Lewis annonce qu\u2019il y cachait de l\u2019argent il y a quelques ann\u00e9es dans le but d\u2019emp\u00eacher son ex de le voler pour s\u2019acheter des caf\u00e9s Starbucks.<\/p>\n\n\n\n<p>\u00c0 quel trouble pouvons nous associer les comportements de Lewis?<\/p>\n\n\n\n<p><\/p>\n\n\n\n<p><\/p>\n","protected":false},"excerpt":{"rendered":"<p>\u00c9tude de cas 1 Davina adore ses amies, mais n\u2019aime pas aller au restaurant avec elles. Elle pr\u00e9f\u00e8re manger seule \u00e9tant g\u00ean\u00e9e et craignant le jugement de ses amies lorsqu\u2019elles verront la quantit\u00e9 de nourriture qu\u2019elle mange. En effet, depuis environ 1 an Davina prend de tr\u00e8s grandes portions, et ce, de fa\u00e7on rapidement. Elle&#8230;<\/p>\n","protected":false},"author":1,"featured_media":0,"parent":0,"menu_order":0,"comment_status":"closed","ping_status":"closed","template":"","meta":[],"_links":{"self":[{"href":"https:\/\/psychologie.intensite.ca\/index.php?rest_route=\/wp\/v2\/pages\/184"}],"collection":[{"href":"https:\/\/psychologie.intensite.ca\/index.php?rest_route=\/wp\/v2\/pages"}],"about":[{"href":"https:\/\/psychologie.intensite.ca\/index.php?rest_route=\/wp\/v2\/types\/page"}],"author":[{"embeddable":true,"href":"https:\/\/psychologie.intensite.ca\/index.php?rest_route=\/wp\/v2\/users\/1"}],"replies":[{"embeddable":true,"href":"https:\/\/psychologie.intensite.ca\/index.php?rest_route=%2Fwp%2Fv2%2Fcomments&post=184"}],"version-history":[{"count":1,"href":"https:\/\/psychologie.intensite.ca\/index.php?rest_route=\/wp\/v2\/pages\/184\/revisions"}],"predecessor-version":[{"id":185,"href":"https:\/\/psychologie.intensite.ca\/index.php?rest_route=\/wp\/v2\/pages\/184\/revisions\/185"}],"wp:attachment":[{"href":"https:\/\/psychologie.intensite.ca\/index.php?rest_route=%2Fwp%2Fv2%2Fmedia&parent=184"}],"curies":[{"name":"wp","href":"https:\/\/api.w.org\/{rel}","templated":true}]}}