{"id":175,"date":"2023-12-26T21:37:48","date_gmt":"2023-12-26T21:37:48","guid":{"rendered":"https:\/\/psychologie.intensite.ca\/?page_id=175"},"modified":"2023-12-26T21:49:22","modified_gmt":"2023-12-26T21:49:22","slug":"les-troubles-anxieux-2","status":"publish","type":"page","link":"https:\/\/psychologie.intensite.ca\/?page_id=175","title":{"rendered":"Les troubles anxieux"},"content":{"rendered":"\n<p>\u00c9tude de cas 1&nbsp;:<\/p>\n\n\n\n<p>Monahan a d\u00e9m\u00e9nag\u00e9 au Saguenay depuis 4 mois dans le cadre de ses \u00e9tudes en biologie marine. Il a beaucoup de difficult\u00e9 s\u2019acclimater au changement. Son mode de vie et ses habitudes ont beaucoup chang\u00e9 \u00e9tant tr\u00e8s diff\u00e9rents de ceux qu\u2019il avait \u00e0 Montr\u00e9al o\u00f9 il y vivait tr\u00e8s bien. Il a de la difficult\u00e9 \u00e0 se faire des amis dans son programme et ne sort que tr\u00e8s peu de son appartement autre que pour assister \u00e0 ses cours et aller faire ses commissions. Il ne parle pas de sa d\u00e9tresse \u00e0 son entourage ressentant une pression de performance \u00e9tant donn\u00e9 les co\u00fbts de son d\u00e9m\u00e9nagement en partie pay\u00e9s par sa famille, il pensait que \u00e7a allait passer rapidement et qu\u2019il s\u2019agissait d\u2019une simple d\u00e9prime post-d\u00e9m\u00e9nagement. Ses notes commencent \u00e0 chuter et il s\u2019endort de plus en plus dans ses cours \u00e0 la suite de son insomnie. 6 mois apr\u00e8s son d\u00e9m\u00e9nagement, il se sent toutefois beaucoup mieux et \u00e0 h\u00e2te de commencer sa deuxi\u00e8me session.<\/p>\n\n\n\n<p>De quel trouble s\u2019agit-il?<\/p>\n\n\n\n<p><\/p>\n\n\n\n<p>\u00c9tude de cas 2&nbsp;:<\/p>\n\n\n\n<p>Rebekah barre sa porte d\u2019entr\u00e9e, ainsi que sa porte-patio avant de quitter pour son rendez-vous chez le dentiste. En reculant son v\u00e9hicule de son stationnement, elle se questionne si toutes ses portes sont bel et bien barr\u00e9es elle va donc v\u00e9rifier pour en \u00eatre certaine. Quelques minutes plus tard en chantant \u00e0 tue-t\u00eate sur du Taylor Swift dans son auto le doute s\u2019empare d\u2019elle. Rebekah fait alors demi-tour vers son domicile pour aller v\u00e9rifier ses portes. Elle arrive malheureusement en retard \u00e0 son rendez-vous chez le dentiste comme c\u2019est le cas pour plusieurs de ses rendez-vous, ainsi qu\u2019\u00e0 son emploi \u00e0 cause de ses aller-retours.<\/p>\n\n\n\n<p>De quel trouble s\u2019agit-il?<\/p>\n\n\n\n<p><\/p>\n\n\n\n<p>\u00c9tude de cas 3&nbsp;:<\/p>\n\n\n\n<p>Peyton fait beaucoup d\u2019anxi\u00e9t\u00e9 lorsqu\u2019elle est face \u00e0 une foule. Elle a l\u2019impression que ses moindres gestes sont analys\u00e9s. De plus, \u00e9tant tr\u00e8s anxieuse de parler en public elle craint que \u00e7a paraisse et que les gens se moquent d\u2019elle. Peyton craint de devenir rouge comme une tomate et de s\u2019humilier devant ses coll\u00e8gues lors de sa pr\u00e9sentation. Elle \u00e9vite le plus souvent possible de faire des oraux et pr\u00e9f\u00e8re de loin envoyer une vid\u00e9o pr\u00e9alablement enregistr\u00e9e de son c\u00f4t\u00e9. Ses notes ont souvent \u00e9t\u00e9 impact\u00e9es lors de son parcours scolaire et son milieu professionnel aussi.<\/p>\n\n\n\n<p>De quel trouble s\u2019agit-il?<\/p>\n\n\n\n<p><\/p>\n\n\n\n<p>\u00c9tude de cas 4&nbsp;:<\/p>\n\n\n\n<p>Brooke depuis de nombreuses ann\u00e9es \u00e9vite d&rsquo;aller \u00e0 des foires et \u00e0 la Ronde \u00e9tant donn\u00e9 qu\u2019elle ne raffole pas des foules et \u00e9prouve de l&rsquo;anxi\u00e9t\u00e9, elle se sent aussi compl\u00e8tement en dehors de sa zone de confort lorsque le temps d&rsquo;Halloween approche. Depuis un peu plus d&rsquo;un an Brooke soul\u00e8ve qu&rsquo;elle ne sort maintenant plus de chez elle durant l&rsquo;ensemble de la journ\u00e9e du 31 octobre, elle doit prendre cong\u00e9 \u00e0 ses frais, ce qui nuit \u00e0 diff\u00e9rentes sph\u00e8res de sa vie. Nous apprenons apr\u00e8s plusieurs rencontres qu&rsquo;elle a \u00e9t\u00e9 pourchass\u00e9e par un clown ayant une machette \u00e0 la main \u00e0 la fin de son quart de travail il y a environ 5 ans.<\/p>\n\n\n\n<p>Quel trouble anxieux peut \u00eatre associ\u00e9 \u00e0 la situation de Brooke, pr\u00e9cisez.<\/p>\n\n\n\n<p><\/p>\n\n\n\n<p>\u00c9tude de cas 5&nbsp;:<\/p>\n\n\n\n<p>Mystique \u00e0 un examen lors de sa derni\u00e8re p\u00e9riode. En se dirigeant vers son local elle se sent bizarre. Elle a l&rsquo;impression qu&rsquo;elle va faire une crise cardiaque, malgr\u00e9 qu&rsquo;elle a seulement 20 ans. Elle se sent \u00e9tourdie et doit se tenir sur le mur de la cage d&rsquo;escalier. Elle transpire, mais elle ne peut s&#8217;emp\u00eacher de frissonner bien que nous sommes encore dans la p\u00e9riode estivale. Son amie Jane s&rsquo;approche et lui demande si tout va bien voyant que quelque chose cloche chez son amie. Mystique ne voulant pas faire de vagues lui dit que tout va bien et que c&rsquo;est uniquement un moment de faiblesse n&rsquo;ayant pas eu le temps de bien finir son d\u00eener et que cela va rapidement passer. En continuant de monter les escaliers, elle sent soudainement une douleur au niveau de sa gorge comme si elle se faisait \u00e9trangler et cours vers la salle de bain pensant rapidement \u00eatre malade.<\/p>\n\n\n\n<p>De quel trouble s\u2019agit-il?<\/p>\n\n\n\n<p><\/p>\n\n\n\n<p>\u00c9tude de cas 6&nbsp;:<\/p>\n\n\n\n<p>Cole est invit\u00e9 \u00e0 assister au premier match des Canadiens au Centre Bell par ses amis. Bien qu&rsquo;il adore les Canadiens et a toujours voulu assister \u00e0 un match, il passe l&rsquo;invitation. N&rsquo;habitant pas sur l&rsquo;\u00eele de Montr\u00e9al il aurait d\u00fb prendre le m\u00e9tro pour s&rsquo;y rendre afin de gagner du temps et d&rsquo;\u00e9conomiser sur le prix exorbitant du stationnement souterrain. Cole fait tout pour \u00e9viter de prendre les transports en commun et surtout le m\u00e9tro \u00e9tant souterrain et clos. Il se sent inconfortable lors qu&rsquo;il est dans une foule o\u00f9 il est difficile de voir les sorties et les salles de bain. Il aime avoir de l&rsquo;espace et ne pas \u00eatre coinc\u00e9 aux c\u00f4t\u00e9s de beaucoup de gens. Ces situations lui causent souvent beaucoup de stress et il craint d&rsquo;avoir une crise de panique soudaine et \u00e0 la vue de tous. Ce qui n&rsquo;est pas vraiment &laquo; virile &raquo; se dit-il. Il croit le jugement des autres et de ses amis. Il s&#8217;emp\u00eache souvent de faire des activit\u00e9s avec ses amis tels qu&rsquo;assist\u00e9s aux festivals de musique avec ses amis, d&rsquo;aller voir des matchs et m\u00eame d&rsquo;aller \u00e0 l&rsquo;universit\u00e9 sur la grande \u00eele.<\/p>\n\n\n\n<p>Quel trouble peut \u00eatre associ\u00e9 \u00e0 Cole?<\/p>\n\n\n\n<p><\/p>\n\n\n\n<p>\u00c9tude de cas 7<\/p>\n\n\n\n<p>Louna a 30 ans et n\u2019a jamais voyag\u00e9 en dehors du pays, elle a fait quelques roadtrips plus au nord du Qu\u00e9bec et jusqu\u2019\u00e0 Toronto, mais sans plus. La simple pens\u00e9e de se retrouver dans les airs, coinc\u00e9e dans un avion, entour\u00e9e de nombreuses personnes la terrifie et lui cause de l\u2019anxi\u00e9t\u00e9. Elle a malheureusement manqu\u00e9 plusieurs opportunit\u00e9s de voyager avec ses amies au fil des ann\u00e9es. Elle adore toutefois prendre l\u2019ascenseur de son condo pour aller observer le coucher de soleil sur la terrasse au 30<sup>e<\/sup> \u00e9tage. <\/p>\n\n\n\n<p>De quel trouble souffre Louna?<\/p>\n","protected":false},"excerpt":{"rendered":"<p>\u00c9tude de cas 1&nbsp;: Monahan a d\u00e9m\u00e9nag\u00e9 au Saguenay depuis 4 mois dans le cadre de ses \u00e9tudes en biologie marine. Il a beaucoup de difficult\u00e9 s\u2019acclimater au changement. Son mode de vie et ses habitudes ont beaucoup chang\u00e9 \u00e9tant tr\u00e8s diff\u00e9rents de ceux qu\u2019il avait \u00e0 Montr\u00e9al o\u00f9 il y vivait tr\u00e8s bien. Il&#8230;<\/p>\n","protected":false},"author":1,"featured_media":0,"parent":0,"menu_order":0,"comment_status":"closed","ping_status":"closed","template":"","meta":[],"_links":{"self":[{"href":"https:\/\/psychologie.intensite.ca\/index.php?rest_route=\/wp\/v2\/pages\/175"}],"collection":[{"href":"https:\/\/psychologie.intensite.ca\/index.php?rest_route=\/wp\/v2\/pages"}],"about":[{"href":"https:\/\/psychologie.intensite.ca\/index.php?rest_route=\/wp\/v2\/types\/page"}],"author":[{"embeddable":true,"href":"https:\/\/psychologie.intensite.ca\/index.php?rest_route=\/wp\/v2\/users\/1"}],"replies":[{"embeddable":true,"href":"https:\/\/psychologie.intensite.ca\/index.php?rest_route=%2Fwp%2Fv2%2Fcomments&post=175"}],"version-history":[{"count":2,"href":"https:\/\/psychologie.intensite.ca\/index.php?rest_route=\/wp\/v2\/pages\/175\/revisions"}],"predecessor-version":[{"id":183,"href":"https:\/\/psychologie.intensite.ca\/index.php?rest_route=\/wp\/v2\/pages\/175\/revisions\/183"}],"wp:attachment":[{"href":"https:\/\/psychologie.intensite.ca\/index.php?rest_route=%2Fwp%2Fv2%2Fmedia&parent=175"}],"curies":[{"name":"wp","href":"https:\/\/api.w.org\/{rel}","templated":true}]}}