{"id":158,"date":"2023-09-28T01:22:35","date_gmt":"2023-09-28T01:22:35","guid":{"rendered":"https:\/\/psychologie.intensite.ca\/?page_id=158"},"modified":"2023-09-28T01:22:35","modified_gmt":"2023-09-28T01:22:35","slug":"a-propos","status":"publish","type":"page","link":"https:\/\/psychologie.intensite.ca\/?page_id=158","title":{"rendered":"\u00c0 propos"},"content":{"rendered":"\n<div class=\"wp-block-media-text alignwide is-stacked-on-mobile\" style=\"grid-template-columns:19% auto\"><figure class=\"wp-block-media-text__media\"><img decoding=\"async\" loading=\"lazy\" width=\"683\" height=\"1024\" src=\"https:\/\/psychologie.intensite.ca\/wp-content\/uploads\/2023\/09\/itsme-1-683x1024.jpg\" alt=\"\" class=\"wp-image-166 size-full\" srcset=\"https:\/\/psychologie.intensite.ca\/wp-content\/uploads\/2023\/09\/itsme-1-683x1024.jpg 683w, https:\/\/psychologie.intensite.ca\/wp-content\/uploads\/2023\/09\/itsme-1-200x300.jpg 200w, https:\/\/psychologie.intensite.ca\/wp-content\/uploads\/2023\/09\/itsme-1-768x1152.jpg 768w, https:\/\/psychologie.intensite.ca\/wp-content\/uploads\/2023\/09\/itsme-1-300x450.jpg 300w, https:\/\/psychologie.intensite.ca\/wp-content\/uploads\/2023\/09\/itsme-1-850x1275.jpg 850w, https:\/\/psychologie.intensite.ca\/wp-content\/uploads\/2023\/09\/itsme-1.jpg 1024w\" sizes=\"(max-width: 683px) 100vw, 683px\" \/><\/figure><div class=\"wp-block-media-text__content\">\n<p class=\"has-text-align-left\">Je suis Annick, une grande passionn\u00e9e de la psychologie et de l\u2019enseignement. Bacheli\u00e8re en psychologie depuis 2022 de l\u2019Universit\u00e9 de Montr\u00e9al et en cours d\u2019obtention d\u2019un dipl\u00f4me du microprogramme en enseignement post secondaire. Mes champs d\u2019int\u00e9r\u00eat sont entre autres la psychologie l\u00e9gale, les troubles mentaux graves, la psychopathologie et la psychologie du travail et des organisations.<\/p>\n<\/div><\/div>\n","protected":false},"excerpt":{"rendered":"<p>Je suis Annick, une grande passionn\u00e9e de la psychologie et de l\u2019enseignement. Bacheli\u00e8re en psychologie depuis 2022 de l\u2019Universit\u00e9 de Montr\u00e9al et en cours d\u2019obtention d\u2019un dipl\u00f4me du microprogramme en enseignement post secondaire. Mes champs d\u2019int\u00e9r\u00eat sont entre autres la psychologie l\u00e9gale, les troubles mentaux graves, la psychopathologie et la psychologie du travail et des&#8230;<\/p>\n","protected":false},"author":1,"featured_media":0,"parent":0,"menu_order":0,"comment_status":"closed","ping_status":"closed","template":"","meta":[],"_links":{"self":[{"href":"https:\/\/psychologie.intensite.ca\/index.php?rest_route=\/wp\/v2\/pages\/158"}],"collection":[{"href":"https:\/\/psychologie.intensite.ca\/index.php?rest_route=\/wp\/v2\/pages"}],"about":[{"href":"https:\/\/psychologie.intensite.ca\/index.php?rest_route=\/wp\/v2\/types\/page"}],"author":[{"embeddable":true,"href":"https:\/\/psychologie.intensite.ca\/index.php?rest_route=\/wp\/v2\/users\/1"}],"replies":[{"embeddable":true,"href":"https:\/\/psychologie.intensite.ca\/index.php?rest_route=%2Fwp%2Fv2%2Fcomments&post=158"}],"version-history":[{"count":1,"href":"https:\/\/psychologie.intensite.ca\/index.php?rest_route=\/wp\/v2\/pages\/158\/revisions"}],"predecessor-version":[{"id":167,"href":"https:\/\/psychologie.intensite.ca\/index.php?rest_route=\/wp\/v2\/pages\/158\/revisions\/167"}],"wp:attachment":[{"href":"https:\/\/psychologie.intensite.ca\/index.php?rest_route=%2Fwp%2Fv2%2Fmedia&parent=158"}],"curies":[{"name":"wp","href":"https:\/\/api.w.org\/{rel}","templated":true}]}}