{"id":132,"date":"2023-04-18T03:41:53","date_gmt":"2023-04-18T03:41:53","guid":{"rendered":"https:\/\/psychologie.intensite.ca\/?page_id=132"},"modified":"2023-04-18T03:41:53","modified_gmt":"2023-04-18T03:41:53","slug":"la-personnalite-selon-le-modele-a-cinq-facteurs-big-five","status":"publish","type":"page","link":"https:\/\/psychologie.intensite.ca\/?page_id=132","title":{"rendered":"La personnalit\u00e9 selon le mod\u00e8le \u00e0 cinq facteurs (Big Five)"},"content":{"rendered":"\n<p><a href=\"https:\/\/www.canva.com\/design\/DAFgadSIYcI\/f564kXkwijMmfHtaUmpzSw\/view?utm_content=DAFgadSIYcI&amp;utm_campaign=designshare&amp;utm_medium=link&amp;utm_source=publishsharelink\">https:\/\/www.canva.com\/design\/DAFgadSIYcI\/f564kXkwijMmfHtaUmpzSw\/view?utm_content=DAFgadSIYcI&amp;utm_campaign=designshare&amp;utm_medium=link&amp;utm_source=publishsharelink<\/a><\/p>\n\n\n\n<figure class=\"wp-block-image size-full is-style-rounded\"><img decoding=\"async\" loading=\"lazy\" width=\"716\" height=\"363\" src=\"http:\/\/psychologie.intensite.ca\/wp-content\/uploads\/2023\/04\/Modele_Big_Five.png\" alt=\"\" class=\"wp-image-133\" srcset=\"https:\/\/psychologie.intensite.ca\/wp-content\/uploads\/2023\/04\/Modele_Big_Five.png 716w, https:\/\/psychologie.intensite.ca\/wp-content\/uploads\/2023\/04\/Modele_Big_Five-300x152.png 300w\" sizes=\"(max-width: 716px) 100vw, 716px\" \/><\/figure>\n","protected":false},"excerpt":{"rendered":"<p>https:\/\/www.canva.com\/design\/DAFgadSIYcI\/f564kXkwijMmfHtaUmpzSw\/view?utm_content=DAFgadSIYcI&amp;utm_campaign=designshare&amp;utm_medium=link&amp;utm_source=publishsharelink<\/p>\n","protected":false},"author":1,"featured_media":0,"parent":0,"menu_order":0,"comment_status":"closed","ping_status":"closed","template":"","meta":[],"_links":{"self":[{"href":"https:\/\/psychologie.intensite.ca\/index.php?rest_route=\/wp\/v2\/pages\/132"}],"collection":[{"href":"https:\/\/psychologie.intensite.ca\/index.php?rest_route=\/wp\/v2\/pages"}],"about":[{"href":"https:\/\/psychologie.intensite.ca\/index.php?rest_route=\/wp\/v2\/types\/page"}],"author":[{"embeddable":true,"href":"https:\/\/psychologie.intensite.ca\/index.php?rest_route=\/wp\/v2\/users\/1"}],"replies":[{"embeddable":true,"href":"https:\/\/psychologie.intensite.ca\/index.php?rest_route=%2Fwp%2Fv2%2Fcomments&post=132"}],"version-history":[{"count":1,"href":"https:\/\/psychologie.intensite.ca\/index.php?rest_route=\/wp\/v2\/pages\/132\/revisions"}],"predecessor-version":[{"id":134,"href":"https:\/\/psychologie.intensite.ca\/index.php?rest_route=\/wp\/v2\/pages\/132\/revisions\/134"}],"wp:attachment":[{"href":"https:\/\/psychologie.intensite.ca\/index.php?rest_route=%2Fwp%2Fv2%2Fmedia&parent=132"}],"curies":[{"name":"wp","href":"https:\/\/api.w.org\/{rel}","templated":true}]}}